{"id":90,"date":"2015-07-31T12:11:18","date_gmt":"2015-07-31T12:11:18","guid":{"rendered":"http:\/\/themes.muffingroup.com\/be\/decor\/?page_id=2"},"modified":"2023-05-30T18:38:28","modified_gmt":"2023-05-30T16:38:28","slug":"home","status":"publish","type":"page","link":"http:\/\/www.schodymatecki.pl\/","title":{"rendered":"Home"},"content":{"rendered":"<p>[vc_row content_placement=&#8221;middle&#8221; css=&#8221;.vc_custom_1507193151769{padding-top: 50px !important;}&#8221; el_id=&#8221;o-firmie&#8221;][vc_column width=&#8221;2\/3&#8243;][vc_custom_heading text=&#8221;O firmie&#8221; font_container=&#8221;tag:p|font_size:36|text_align:left|color:%235b300c&#8221; google_fonts=&#8221;font_family:Lato%3A100%2C100italic%2C300%2C300italic%2Cregular%2Citalic%2C700%2C700italic%2C900%2C900italic|font_style:700%20bold%20regular%3A700%3Anormal&#8221;][vc_custom_heading text=&#8221;Schody Matecki to firma rodzinna, w kt\u00f3rej wieloletnie do\u015bwiadczenie \u0142\u0105czy si\u0119 z nowymi, kreatywnymi pomys\u0142ami. Tworzenie unikalnej przestrzeni i indywidualna realizacja ka\u017cdego projektu to dla nas gwarancja, \u017ce schody staj\u0105 si\u0119 niepowtarzalnym meblem u\u017cytkowym. Firma nasza zapewnia pe\u0142n\u0105 obs\u0142ug\u0119 klienta zamawiaj\u0105cego schody, od projektu, wyceny, poprzez wykonanie monta\u017cu. W naszym asortymencie mo\u017cna znale\u017a\u0107: schody konstrukcyjne, schody ok\u0142adane, schody dywanowe. Naszym umiej\u0119tno\u015bci\u0105 zaufali klienci z Polski i Europy.&#8221; font_container=&#8221;tag:p|font_size:16|text_align:left&#8221; google_fonts=&#8221;font_family:Lato%3A100%2C100italic%2C300%2C300italic%2Cregular%2Citalic%2C700%2C700italic%2C900%2C900italic|font_style:400%20regular%3A400%3Anormal&#8221;][\/vc_column][vc_column width=&#8221;1\/3&#8243;][vc_single_image image=&#8221;113&#8243; img_size=&#8221;full&#8221;][\/vc_column][\/vc_row][vc_row full_width=&#8221;stretch_row_content_no_spaces&#8221; content_placement=&#8221;middle&#8221; parallax=&#8221;content-moving&#8221; parallax_image=&#8221;116&#8243; css=&#8221;.vc_custom_1516199241678{padding-top: 100px !important;padding-bottom: 100px !important;}&#8221;][vc_column][vc_custom_heading text=&#8221;<b>Schody<\/b> dostosowane do <b>Twoich potrzeb<\/b>&#8221; font_container=&#8221;tag:p|font_size:50|text_align:center|color:%23ffffff|line_height:2&#8243; google_fonts=&#8221;font_family:Lato%3A100%2C100italic%2C300%2C300italic%2Cregular%2Citalic%2C700%2C700italic%2C900%2C900italic|font_style:100%20light%20regular%3A100%3Anormal&#8221;][\/vc_column][\/vc_row][vc_row full_width=&#8221;stretch_row&#8221; content_placement=&#8221;middle&#8221; css=&#8221;.vc_custom_1507193958368{padding-top: 50px !important;background-color: #f4f4f4 !important;}&#8221; el_id=&#8221;oferta&#8221;][vc_column width=&#8221;2\/3&#8243;][vc_custom_heading text=&#8221;Oferta&#8221; font_container=&#8221;tag:p|font_size:36|text_align:left|color:%235b300c&#8221; google_fonts=&#8221;font_family:Lato%3A100%2C100italic%2C300%2C300italic%2Cregular%2Citalic%2C700%2C700italic%2C900%2C900italic|font_style:700%20bold%20regular%3A700%3Anormal&#8221;][vc_custom_heading text=&#8221;Oferujemy Pa\u0144stwu kompleksow\u0105 i szerok\u0105 obs\u0142ug\u0119 w zakresie projektu i wykonawstwa schod\u00f3w z drewna. Zapewniamy projekt schod\u00f3w dostosowany do Pa\u0144stwa potrzeb i spe\u0142niaj\u0105cy wszelkie indywidualne \u017cyczenia. W naszej ofercie znajd\u0105 Pa\u0144stwo rodzime gatunki drewna takie jak : d\u0105b, buk i jesion, maj\u0105 Pa\u0144stwo r\u00f3wnie\u017c mo\u017cliwo\u015b\u0107 wyboru spo\u015br\u00f3d gatunk\u00f3w egzotycznych. &#8221; font_container=&#8221;tag:p|font_size:16|text_align:left&#8221; google_fonts=&#8221;font_family:Lato%3A100%2C100italic%2C300%2C300italic%2Cregular%2Citalic%2C700%2C700italic%2C900%2C900italic|font_style:400%20regular%3A400%3Anormal&#8221;][vc_custom_heading text=&#8221;Nasza oferta obejmuje schody samono\u015bne policzkowe, na konstrukcji bolcowej, dywanowe, spiralne, gi\u0119te, na konstrukcji stalowej z elementami ze stali kwasoodpornej, szk\u0142em i elementami ze stali kutej.&#8221; font_container=&#8221;tag:p|font_size:16|text_align:left&#8221; google_fonts=&#8221;font_family:Lato%3A100%2C100italic%2C300%2C300italic%2Cregular%2Citalic%2C700%2C700italic%2C900%2C900italic|font_style:400%20regular%3A400%3Anormal&#8221;][vc_custom_heading text=&#8221;Zapraszamy do kontaktu z nasz\u0105 Firm\u0105.&#8221; font_container=&#8221;tag:p|font_size:16|text_align:left&#8221; google_fonts=&#8221;font_family:Lato%3A100%2C100italic%2C300%2C300italic%2Cregular%2Citalic%2C700%2C700italic%2C900%2C900italic|font_style:400%20regular%3A400%3Anormal&#8221;][\/vc_column][vc_column width=&#8221;1\/3&#8243;][vc_single_image image=&#8221;130&#8243; img_size=&#8221;full&#8221; style=&#8221;vc_box_shadow_3d&#8221;][\/vc_column][\/vc_row][vc_row full_width=&#8221;stretch_row&#8221;][vc_column][vc_gallery type=&#8221;image_grid&#8221; images=&#8221;123,124,125,126,127,130,129,131,132&#8243; img_size=&#8221;medium&#8221; css_animation=&#8221;none&#8221; el_id=&#8221;galeria&#8221;][\/vc_column][\/vc_row][vc_row full_width=&#8221;stretch_row&#8221; content_placement=&#8221;middle&#8221; css=&#8221;.vc_custom_1516199337516{padding-top: 50px !important;background-color: #f4f4f4 !important;}&#8221; el_id=&#8221;kontakt&#8221;][vc_column width=&#8221;1\/2&#8243;][vc_custom_heading text=&#8221;Zak\u0142ad Stolarski Katarzyna Matecka &#8221; font_container=&#8221;tag:p|font_size:36|text_align:center|color:%235b300c|line_height:1&#8243; google_fonts=&#8221;font_family:Lato%3A100%2C100italic%2C300%2C300italic%2Cregular%2Citalic%2C700%2C700italic%2C900%2C900italic|font_style:700%20bold%20regular%3A700%3Anormal&#8221; css=&#8221;.vc_custom_1516199316898{padding-bottom: 50px !important;}&#8221;][vc_cta h2=&#8221;ul.Tortunia 11\/2, 62-020 Swarz\u0119dz&#8221; h2_font_container=&#8221;font_size:26&#8243; h2_google_fonts=&#8221;font_family:Lato%3A100%2C100italic%2C300%2C300italic%2Cregular%2Citalic%2C700%2C700italic%2C900%2C900italic|font_style:900%20bold%20regular%3A900%3Anormal&#8221; style=&#8221;outline&#8221; color=&#8221;mulled-wine&#8221; add_icon=&#8221;left&#8221; i_icon_fontawesome=&#8221;fa fa-map-marker&#8221; i_color=&#8221;black&#8221; i_background_style=&#8221;rounded-less&#8221; i_size=&#8221;sm&#8221; use_custom_fonts_h2=&#8221;true&#8221; i_on_border=&#8221;true&#8221; css=&#8221;.vc_custom_1516199227472{padding-top: 10px !important;padding-bottom: 1px !important;background-color: #f4f4f4 !important;}&#8221;][\/vc_cta][vc_cta h2=&#8221;+48 604 481 188&#8243; h2_font_container=&#8221;font_size:26&#8243; h2_google_fonts=&#8221;font_family:Lato%3A100%2C100italic%2C300%2C300italic%2Cregular%2Citalic%2C700%2C700italic%2C900%2C900italic|font_style:900%20bold%20regular%3A900%3Anormal&#8221; style=&#8221;outline&#8221; color=&#8221;mulled-wine&#8221; add_icon=&#8221;left&#8221; i_icon_fontawesome=&#8221;fa fa-phone&#8221; i_color=&#8221;black&#8221; i_background_style=&#8221;rounded-less&#8221; i_size=&#8221;sm&#8221; use_custom_fonts_h2=&#8221;true&#8221; i_on_border=&#8221;true&#8221; css=&#8221;.vc_custom_1507271907386{padding-top: 10px !important;padding-bottom: 1px !important;background-color: #f4f4f4 !important;}&#8221;][\/vc_cta][vc_cta h2=&#8221;biuro.matecki@tlen.pl&#8221; h2_google_fonts=&#8221;font_family:Lato%3A100%2C100italic%2C300%2C300italic%2Cregular%2Citalic%2C700%2C700italic%2C900%2C900italic|font_style:900%20bold%20regular%3A900%3Anormal&#8221; style=&#8221;outline&#8221; color=&#8221;mulled-wine&#8221; add_icon=&#8221;left&#8221; i_icon_fontawesome=&#8221;fa fa-envelope-o&#8221; i_color=&#8221;black&#8221; i_background_style=&#8221;rounded-less&#8221; i_size=&#8221;sm&#8221; use_custom_fonts_h2=&#8221;true&#8221; i_on_border=&#8221;true&#8221; css=&#8221;.vc_custom_1516199830626{padding-top: 10px !important;padding-bottom: 1px !important;background-color: #f4f4f4 !important;}&#8221; h2_el_class=&#8221;biuro-matecki&#8221;][\/vc_cta][\/vc_column][vc_column width=&#8221;1\/2&#8243;][vc_gmaps link=&#8221;#E-8_JTNDaWZyYW1lJTIwc3JjJTNEJTIyaHR0cHMlM0ElMkYlMkZ3d3cuZ29vZ2xlLmNvbSUyRm1hcHMlMkZlbWJlZCUzRnBiJTNEJTIxMW0xNCUyMTFtOCUyMTFtMyUyMTFkMTk0NzYuMDgzNzc3NzU0MjA0JTIxMmQxNy4wNDczNDUlMjEzZDUyLjM5NzQyNCUyMTNtMiUyMTFpMTAyNCUyMTJpNzY4JTIxNGYxMy4xJTIxM20zJTIxMW0yJTIxMXMweDQ3MDQ1OTViNjY3MGFjMjMlMjUzQTB4OTJhZGQ1ZTZiMWY3OTMzYyUyMTJzVG9ydHVuaWElMkIxMSUyNTJDJTJCU3dhcnolMjVDNCUyNTk5ZHolMjUyQyUyQlBvbHNrYSUyMTVlMCUyMTNtMiUyMTFzcGwlMjEyc3VzJTIxNHYxNTA3MTk0NjI0OTExJTIyJTIwd2lkdGglM0QlMjI2MDAlMjIlMjBoZWlnaHQlM0QlMjI0NTAlMjIlMjBmcmFtZWJvcmRlciUzRCUyMjAlMjIlMjBzdHlsZSUzRCUyMmJvcmRlciUzQTAlMjIlMjBhbGxvd2Z1bGxzY3JlZW4lM0UlM0MlMkZpZnJhbWUlM0U=&#8221;][\/vc_column][\/vc_row]<\/p>\n","protected":false},"excerpt":{"rendered":"<p>[vc_row content_placement=&#8221;middle&#8221; css=&#8221;.vc_custom_1507193151769{padding-top: 50px !important;}&#8221; el_id=&#8221;o-firmie&#8221;][vc_column width=&#8221;2\/3&#8243;][vc_custom_heading text=&#8221;O firmie&#8221; font_container=&#8221;tag:p|font_size:36|text_align:left|color:%235b300c&#8221; google_fonts=&#8221;font_family:Lato%3A100%2C100italic%2C300%2C300italic%2Cregular%2Citalic%2C700%2C700italic%2C900%2C900italic|font_style:700%20bold%20regular%3A700%3Anormal&#8221;][vc_custom_heading text=&#8221;Schody Matecki to firma rodzinna, w kt\u00f3rej wieloletnie do\u015bwiadczenie \u0142\u0105czy si\u0119 z nowymi, kreatywnymi pomys\u0142ami.<span class=\"excerpt-hellip\"> [\u2026]<\/span><\/p>\n","protected":false},"author":1,"featured_media":0,"parent":0,"menu_order":0,"comment_status":"open","ping_status":"open","template":"","meta":[],"_links":{"self":[{"href":"http:\/\/www.schodymatecki.pl\/index.php\/wp-json\/wp\/v2\/pages\/90"}],"collection":[{"href":"http:\/\/www.schodymatecki.pl\/index.php\/wp-json\/wp\/v2\/pages"}],"about":[{"href":"http:\/\/www.schodymatecki.pl\/index.php\/wp-json\/wp\/v2\/types\/page"}],"author":[{"embeddable":true,"href":"http:\/\/www.schodymatecki.pl\/index.php\/wp-json\/wp\/v2\/users\/1"}],"replies":[{"embeddable":true,"href":"http:\/\/www.schodymatecki.pl\/index.php\/wp-json\/wp\/v2\/comments?post=90"}],"version-history":[{"count":38,"href":"http:\/\/www.schodymatecki.pl\/index.php\/wp-json\/wp\/v2\/pages\/90\/revisions"}],"predecessor-version":[{"id":164,"href":"http:\/\/www.schodymatecki.pl\/index.php\/wp-json\/wp\/v2\/pages\/90\/revisions\/164"}],"wp:attachment":[{"href":"http:\/\/www.schodymatecki.pl\/index.php\/wp-json\/wp\/v2\/media?parent=90"}],"curies":[{"name":"wp","href":"https:\/\/api.w.org\/{rel}","templated":true}]}}